{"id":2678,"date":"2022-01-19T21:19:55","date_gmt":"2022-01-19T20:19:55","guid":{"rendered":"https:\/\/poryatunok.info\/%d0%be-%d0%bd%d0%b0%d1%81\/%d0%bd%d0%b0%d1%88%d1%96-%d0%bf%d0%b0%d1%80%d1%82%d0%bd%d0%b5%d1%80%d0%b8\/"},"modified":"2022-10-17T14:16:03","modified_gmt":"2022-10-17T12:16:03","slug":"%d0%bd%d0%b0%d1%88%d0%b8-%d0%bf%d0%b0%d1%80%d1%82%d0%bd%d0%b5%d1%80%d1%8b","status":"publish","type":"page","link":"https:\/\/poryatunok.info\/ru\/%d0%be-%d0%bd%d0%b0%d1%81\/%d0%bd%d0%b0%d1%88%d0%b8-%d0%bf%d0%b0%d1%80%d1%82%d0%bd%d0%b5%d1%80%d1%8b\/","title":{"rendered":"\u041d\u0430\u0448\u0438 \u043f\u0430\u0440\u0442\u043d\u0435\u0440\u044b"},"content":{"rendered":"<div class=\"wpb-content-wrapper\"><p>[vc_row row_space=&#187;remove_padding&#187;][vc_column][gva_block_heading title=&#187;\u041d\u0430\u0448\u0456 \u043f\u0430\u0440\u0442\u043d\u0435\u0440\u0438v&#187; align=&#187;align-left&#187;][\/gva_block_heading][vc_column_text]<\/p>\n<p style=\"text-align: justify;\">\u0412\u0441\u0435\u0445, \u0443 \u043a\u043e\u0433\u043e \u0435\u0441\u0442\u044c \u0432\u043e\u0437\u043c\u043e\u0436\u043d\u043e\u0441\u0442\u044c \u0438 \u0436\u0435\u043b\u0430\u043d\u0438\u0435 \u043f\u043e\u043c\u043e\u0447\u044c, \u043f\u0440\u043e\u0441\u044c\u0431\u0430 \u043e\u0431\u0440\u0430\u0449\u0430\u0442\u044c\u0441\u044f \u043a \u043d\u0430\u043c.<br \/>\n\u041a\u0430\u0436\u0434\u043e\u0435 \u0432\u0430\u0448\u0435 \u043f\u043e\u0436\u0435\u0440\u0442\u0432\u043e\u0432\u0430\u043d\u0438\u0435, \u043b\u044e\u0431\u0430\u044f \u0432\u0430\u0448\u0430 \u043f\u043e\u043c\u043e\u0449\u044c \u0438\u043b\u0438 \u0438\u043d\u043d\u0430\u044f \u043f\u043e\u0434\u0434\u0435\u0440\u0436\u043a\u0430 \u043c\u043e\u0433\u0443\u0442 \u0441\u043f\u0430\u0441\u0442\u0438 \u0435\u0449\u0435 \u043e\u0434\u043d\u043e\u0433\u043e \u043f\u0430\u0446\u0438\u0435\u043d\u0442\u0430.<!--more--><\/p>\n<p>[\/vc_column_text][vc_row_inner][vc_column_inner width=&#187;1\/2&#8243;][gva_job_box title=&#187;L&#8217;viv Regional Hospital&#187; job_type=&#187;Mykola KONYK, MD Chief of the Pediatric Cardiac Surgery Dpt.&#187; link=&#187;http:\/\/hospital.lviv.ua\/&#187; company=&#187;+38 032 276 93 87 mob. +380673987816&#8243; address=&#187;Chernihivska vul. 7, L&#8217;viv 79010, UKRAINE&#187; image=&#187;5042&#8243;][gva_job_box title=&#187;Ukrainian Philanthropic Marketplace (UBB)&#187; image=&#187;3310&#8243; job_type=&#187;Ukraine&#187; link=&#187;dobro.ua\/en\/&#187; company=&#187;corporate@ubb.org.ua&#187; address=&#187;Volodymyrska Street, 43, Kyiv, 01034&#8243;][gva_job_box title=&#187;PHA Europe&#187; job_type=&#187;Austria&#187; company=&#187;info@phaeurope.org&#187; address=&#187;Wilhelmstra\u00dfe 21. A-1120 Vienna, Austria&#187; image=&#187;3317&#8243; link=&#187;www.phaeurope.org&#187;][gva_job_box title=&#187;Pulmonary Hypertension Association&#187; job_type=&#187;United States&#187; link=&#187;phassociation.org&#187; company=&#187;PHA@PHAssociation.org&#187; address=&#187;8401 Colesville Road, Suite 200, Silver Spring, MD 20910&#8243; image=&#187;3331&#8243;][gva_job_box title=&#187;PHA Lithuania&#187; job_type=&#187;Lithuania&#187; link=&#187;https:\/\/www.zspha.lt\/&#187; company=&#187;info@zspha.lt&#187; address=&#187;Bir\u017e\u0173 g. 2, Papilys, LT-41221 Bir\u017e\u0173 r.&#187; image=&#187;5048&#8243;][gva_job_box title=&#187;Pfizer Ukraine&#187; job_type=&#187;Ukraine&#187; address=&#187;Mykoly Amosova St, 12, Kyiv,&#187; image=&#187;140&#8243; link=&#187;http:\/\/www.pfizer.ua\/&#187;][gva_job_box title=&#187;Associazione Volontari Italiani Sandue&#187; job_type=&#187;Milano&#187; address=&#187;Via E. Forlanini, 23, Milano (20134)&#187; image=&#187;3967&#8243; link=&#187;https:\/\/www.avis.it\/it&#187; company=&#187;T. 02\/70.00.67.95 T. 02\/70.00.67.86&#8243;][gva_job_box title=&#187;PHA Norway&#187; job_type=&#187;Norway&#187; image=&#187;3996&#8243; link=&#187;http:\/\/www.pha-no.com&#187;][gva_job_box title=&#187;OMRON \u0423\u043a\u0440\u0430\u0457\u043d\u0430&#187; job_type=&#187;\u0423\u043a\u0440\u0430\u0457\u043d\u0430&#187; image=&#187;3971&#8243; link=&#187;https:\/\/omron-ukraine.com.ua\/uk\/&#187; company=&#187;+38 (096) 744-95-52&#8243; address=&#187;\u043c. \u041a\u0438\u0457\u0432, \u0432\u0443\u043b. \u042e\u0440\u0456\u044f \u0428\u0443\u043c\u0441\u044c\u043a\u043e\u0433\u043e 1-\u0431,\u043e\u0444.121&#8243;][gva_job_box title=&#187;\u041f\u0435\u0440\u0448\u0438\u0439 \u0437\u0430\u0445\u0456\u0434\u043d\u0438\u0439&#187; job_type=&#187;\u0423\u043a\u0440\u0430\u0457\u043d\u0430&#187; image=&#187;5833&#8243; link=&#187;https:\/\/1zahid.com\/&#187; company=&#187;(032) 232-93-22&#8243; address=&#187;79008 \u043c. \u041b\u044c\u0432\u0456\u0432, \u0432\u0443\u043b. \u041f\u0456\u0434\u0432\u0430\u043b\u044c\u043d\u0430, 3;&#187;][\/vc_column_inner][vc_column_inner width=&#187;1\/2&#8243;][gva_job_box title=&#187;Ukraine International AirLines (UIA)&#187; job_type=&#187;KYIV &#8212; UIA Head Office&#187; address=&#187;201-203, Kharkivske Road. Nearest tube: Boryspilska&#187; image=&#187;3306&#8243; link=&#187;www.flyuia.com\/ua\/en\/home&#187; company=&#187;+380 44 581 51 61&#8243;][gva_job_box title=&#187;Ukrainian Philanthropists Forum (UPF)&#187; job_type=&#187;Ukraine&#187; company=&#187;info@ufb.org.ua&#187; image=&#187;3313&#8243; link=&#187;www.ufb.org.ua\/&#187;][gva_job_box title=&#187;EURORDIS-Rare Diseases Europe&#187; job_type=&#187;France&#187; company=&#187;eurordis@eurordis.org&#187; address=&#187;96, rue Didot, 75014 Paris, France&#187; image=&#187;3320&#8243; link=&#187;www.eurordis.org&#187;][gva_job_box title=&#187;PHA Canada&#187; job_type=&#187;Canada&#187; company=&#187;info@phacanada.ca&#187; address=&#187;408- 55 Water Street Office 8928 Vancouver, BC, V6B 1A1&#8243; image=&#187;3385&#8243; link=&#187;https:\/\/phacanada.ca\/Home&#187;][gva_job_box title=&#187;Fundacja im. ks. dr Mosinga (Poland)&#187; job_type=&#187;Poland&#187; company=&#187;galicja.mosing@wp.pl&#187; image=&#187;3989&#8243; link=&#187;https:\/\/fundacjamosinga.zgora.eu\/&#187;][gva_job_box title=&#187;\u0414\u0438\u0442\u044f\u0447\u0438\u0439 \u0446\u0435\u043d\u0442\u0440 \u0437\u0434\u043e\u0440\u043e\u0432&#8217;\u044f \u0456\u043c. \u0410\u043d\u043d\u0438 \u041c\u0430\u0437\u0443\u0440\u0435\u043d\u043a\u043e&#187; job_type=&#187;Ukraine&#187; address=&#187;\u041b\u044c\u0432\u0456\u0432, \u0432\u0443\u043b. \u0421\u0442\u0443\u0441\u0430, 38\u0410&#187; image=&#187;5814&#8243; link=&#187;http:\/\/childrenhealth.center\/&#187; company=&#187;(032) 242-31-42 (067) 235-80-42 (050) 341-24-42&#8243;][gva_job_box title=&#187;\u041f\u0430\u0446\u0456\u0454\u043d\u0442\u0438 \u0423\u043a\u0440\u0430\u0457\u043d\u0438&#187; job_type=&#187;Ukraine&#187; address=&#187;01010, \u041a\u0438\u0457\u0432, \u0432\u0443\u043b\u0438\u0446\u044f \u0406\u0432\u0430\u043d\u0430 \u041c\u0430\u0437\u0435\u043f\u0438 3, \u043a\u0432. 7&#8243; image=&#187;5818&#8243; link=&#187;https:\/\/patients.org.ua\/en\/&#187; company=&#187;+38 (096) 2-888-003 +38 (095) 2-888-005&#8243;][gva_job_box title=&#187;Lviv Regional Youth Center&#187; job_type=&#187;Ukraine&#187; address=&#187;\u041b\u044c\u0432\u0456\u0432, \u0432\u0443\u043b. \u0412\u0438\u043d\u043d\u0438\u0447\u0435\u043d\u043a\u0430, 12, Lviv, Ukraine, 79008&#8243; image=&#187;5824&#8243; link=&#187;https:\/\/www.facebook.com\/lviv.youth.center\/&#187; company=&#187;380 322 612 275&#8243;][gva_job_box title=&#187;\u041f\u043b\u0430\u043d\u0435\u0442\u0430 \u043c\u0440\u0456\u0439&#187; job_type=&#187;Ukraine&#187; address=&#187;\u041f\u043b\u0430\u043d\u0435\u0442\u0430 \u041c\u0440\u0456\u0439  \u043c. \u041b\u044c\u0432\u0456\u0432 \u0432\u0443\u043b. \u0413\u0430\u0437\u043e\u0432\u0430, 30 \u0410&#187; image=&#187;5829&#8243; link=&#187;https:\/\/www.planetamrij.com\/&#187; company=&#187;0671853399, 0671843399&#8243;][\/vc_column_inner][\/vc_row_inner][\/vc_column][\/vc_row]<\/p>\n<\/div>","protected":false},"excerpt":{"rendered":"<p>[vc_row row_space=&#187;remove_padding&#187;][vc_column][gva_block_heading title=&#187;\u041d\u0430\u0448\u0456 \u043f\u0430\u0440\u0442\u043d\u0435\u0440\u0438v&#187; align=&#187;align-left&#187;][\/gva_block_heading][vc_column_text] \u0412\u0441\u0435\u0445, \u0443 \u043a\u043e\u0433\u043e \u0435\u0441\u0442\u044c \u0432\u043e\u0437\u043c\u043e\u0436\u043d\u043e\u0441\u0442\u044c \u0438 \u0436\u0435\u043b\u0430\u043d\u0438\u0435 \u043f\u043e\u043c\u043e\u0447\u044c, \u043f\u0440\u043e\u0441\u044c\u0431\u0430 \u043e\u0431\u0440\u0430\u0449\u0430\u0442\u044c\u0441\u044f \u043a \u043d\u0430\u043c. \u041a\u0430\u0436\u0434\u043e\u0435 \u0432\u0430\u0448\u0435 \u043f\u043e\u0436\u0435\u0440\u0442\u0432\u043e\u0432\u0430\u043d\u0438\u0435, \u043b\u044e\u0431\u0430\u044f \u0432\u0430\u0448\u0430 \u043f\u043e\u043c\u043e\u0449\u044c \u0438\u043b\u0438 \u0438\u043d\u043d\u0430\u044f \u043f\u043e\u0434\u0434\u0435\u0440\u0436\u043a\u0430 \u043c\u043e\u0433\u0443\u0442 \u0441\u043f\u0430\u0441\u0442\u0438 \u0435\u0449\u0435 \u043e\u0434\u043d\u043e\u0433\u043e \u043f\u0430\u0446\u0438\u0435\u043d\u0442\u0430.<\/p>\n","protected":false},"author":1,"featured_media":0,"parent":2602,"menu_order":160,"comment_status":"closed","ping_status":"closed","template":"","meta":{"footnotes":""},"class_list":["post-2678","page","type-page","status-publish","hentry"],"yoast_head":"<!-- This site is optimized with the Yoast SEO plugin v27.3 - https:\/\/yoast.com\/product\/yoast-seo-wordpress\/ -->\n<title>\u041d\u0430\u0448\u0438 \u043f\u0430\u0440\u0442\u043d\u0435\u0440\u044b - Sister Dalila<\/title>\n<meta name=\"description\" content=\"\u0412\u0441\u0435\u0445, \u0443 \u043a\u043e\u0433\u043e \u0435\u0441\u0442\u044c \u0432\u043e\u0437\u043c\u043e\u0436\u043d\u043e\u0441\u0442\u044c \u0438 \u0436\u0435\u043b\u0430\u043d\u0438\u0435 \u043f\u043e\u043c\u043e\u0447\u044c, \u043f\u0440\u043e\u0441\u044c\u0431\u0430 \u043e\u0431\u0440\u0430\u0449\u0430\u0442\u044c\u0441\u044f \u043a \u043d\u0430\u043c. \u041a\u0430\u0436\u0434\u043e\u0435 \u0432\u0430\u0448\u0435 \u043f\u043e\u0436\u0435\u0440\u0442\u0432\u043e\u0432\u0430\u043d\u0438\u0435, \u043b\u044e\u0431\u0430\u044f \u0432\u0430\u0448\u0430 \u043f\u043e\u043c\u043e\u0449\u044c \u0438\u043b\u0438 \u0438\u043d\u043d\u0430\u044f \u043f\u043e\u0434\u0434\u0435\u0440\u0436\u043a\u0430 \u043c\u043e\u0433\u0443\u0442 \u0441\u043f\u0430\u0441\u0442\u0438 \u0435\u0449\u0435 \u043e\u0434\u043d\u043e\u0433\u043e \u043f\u0430\u0446\u0438\u0435\u043d\u0442\u0430.\" \/>\n<meta name=\"robots\" content=\"index, follow, max-snippet:-1, max-image-preview:large, max-video-preview:-1\" \/>\n<link rel=\"canonical\" href=\"https:\/\/poryatunok.info\/ru\/%d0%be-%d0%bd%d0%b0%d1%81\/%d0%bd%d0%b0%d1%88%d0%b8-%d0%bf%d0%b0%d1%80%d1%82%d0%bd%d0%b5%d1%80%d1%8b\/\" \/>\n<meta property=\"og:locale\" content=\"ru_RU\" \/>\n<meta property=\"og:type\" content=\"article\" \/>\n<meta property=\"og:title\" content=\"\u041d\u0430\u0448\u0438 \u043f\u0430\u0440\u0442\u043d\u0435\u0440\u044b - Sister Dalila\" \/>\n<meta property=\"og:description\" content=\"\u0412\u0441\u0435\u0445, \u0443 \u043a\u043e\u0433\u043e \u0435\u0441\u0442\u044c \u0432\u043e\u0437\u043c\u043e\u0436\u043d\u043e\u0441\u0442\u044c \u0438 \u0436\u0435\u043b\u0430\u043d\u0438\u0435 \u043f\u043e\u043c\u043e\u0447\u044c, \u043f\u0440\u043e\u0441\u044c\u0431\u0430 \u043e\u0431\u0440\u0430\u0449\u0430\u0442\u044c\u0441\u044f \u043a \u043d\u0430\u043c. \u041a\u0430\u0436\u0434\u043e\u0435 \u0432\u0430\u0448\u0435 \u043f\u043e\u0436\u0435\u0440\u0442\u0432\u043e\u0432\u0430\u043d\u0438\u0435, \u043b\u044e\u0431\u0430\u044f \u0432\u0430\u0448\u0430 \u043f\u043e\u043c\u043e\u0449\u044c \u0438\u043b\u0438 \u0438\u043d\u043d\u0430\u044f \u043f\u043e\u0434\u0434\u0435\u0440\u0436\u043a\u0430 \u043c\u043e\u0433\u0443\u0442 \u0441\u043f\u0430\u0441\u0442\u0438 \u0435\u0449\u0435 \u043e\u0434\u043d\u043e\u0433\u043e \u043f\u0430\u0446\u0438\u0435\u043d\u0442\u0430.\" \/>\n<meta property=\"og:url\" content=\"https:\/\/poryatunok.info\/ru\/%d0%be-%d0%bd%d0%b0%d1%81\/%d0%bd%d0%b0%d1%88%d0%b8-%d0%bf%d0%b0%d1%80%d1%82%d0%bd%d0%b5%d1%80%d1%8b\/\" \/>\n<meta property=\"og:site_name\" content=\"Sister Dalila\" \/>\n<meta property=\"article:modified_time\" content=\"2022-10-17T12:16:03+00:00\" \/>\n<meta name=\"twitter:card\" content=\"summary_large_image\" \/>\n<meta name=\"twitter:label1\" content=\"\u041f\u0440\u0438\u043c\u0435\u0440\u043d\u043e\u0435 \u0432\u0440\u0435\u043c\u044f \u0434\u043b\u044f \u0447\u0442\u0435\u043d\u0438\u044f\" \/>\n\t<meta name=\"twitter:data1\" content=\"1 \u043c\u0438\u043d\u0443\u0442\u0430\" \/>\n<script type=\"application\/ld+json\" class=\"yoast-schema-graph\">{\"@context\":\"https:\\\/\\\/schema.org\",\"@graph\":[{\"@type\":\"WebPage\",\"@id\":\"https:\\\/\\\/poryatunok.info\\\/ru\\\/%d0%be-%d0%bd%d0%b0%d1%81\\\/%d0%bd%d0%b0%d1%88%d0%b8-%d0%bf%d0%b0%d1%80%d1%82%d0%bd%d0%b5%d1%80%d1%8b\\\/\",\"url\":\"https:\\\/\\\/poryatunok.info\\\/ru\\\/%d0%be-%d0%bd%d0%b0%d1%81\\\/%d0%bd%d0%b0%d1%88%d0%b8-%d0%bf%d0%b0%d1%80%d1%82%d0%bd%d0%b5%d1%80%d1%8b\\\/\",\"name\":\"\u041d\u0430\u0448\u0438 \u043f\u0430\u0440\u0442\u043d\u0435\u0440\u044b - Sister Dalila\",\"isPartOf\":{\"@id\":\"https:\\\/\\\/poryatunok.info\\\/ru\\\/#website\"},\"datePublished\":\"2022-01-19T20:19:55+00:00\",\"dateModified\":\"2022-10-17T12:16:03+00:00\",\"description\":\"\u0412\u0441\u0435\u0445, \u0443 \u043a\u043e\u0433\u043e \u0435\u0441\u0442\u044c \u0432\u043e\u0437\u043c\u043e\u0436\u043d\u043e\u0441\u0442\u044c \u0438 \u0436\u0435\u043b\u0430\u043d\u0438\u0435 \u043f\u043e\u043c\u043e\u0447\u044c, \u043f\u0440\u043e\u0441\u044c\u0431\u0430 \u043e\u0431\u0440\u0430\u0449\u0430\u0442\u044c\u0441\u044f \u043a \u043d\u0430\u043c. \u041a\u0430\u0436\u0434\u043e\u0435 \u0432\u0430\u0448\u0435 \u043f\u043e\u0436\u0435\u0440\u0442\u0432\u043e\u0432\u0430\u043d\u0438\u0435, \u043b\u044e\u0431\u0430\u044f \u0432\u0430\u0448\u0430 \u043f\u043e\u043c\u043e\u0449\u044c \u0438\u043b\u0438 \u0438\u043d\u043d\u0430\u044f \u043f\u043e\u0434\u0434\u0435\u0440\u0436\u043a\u0430 \u043c\u043e\u0433\u0443\u0442 \u0441\u043f\u0430\u0441\u0442\u0438 \u0435\u0449\u0435 \u043e\u0434\u043d\u043e\u0433\u043e \u043f\u0430\u0446\u0438\u0435\u043d\u0442\u0430.\",\"breadcrumb\":{\"@id\":\"https:\\\/\\\/poryatunok.info\\\/ru\\\/%d0%be-%d0%bd%d0%b0%d1%81\\\/%d0%bd%d0%b0%d1%88%d0%b8-%d0%bf%d0%b0%d1%80%d1%82%d0%bd%d0%b5%d1%80%d1%8b\\\/#breadcrumb\"},\"inLanguage\":\"ru-RU\",\"potentialAction\":[{\"@type\":\"ReadAction\",\"target\":[\"https:\\\/\\\/poryatunok.info\\\/ru\\\/%d0%be-%d0%bd%d0%b0%d1%81\\\/%d0%bd%d0%b0%d1%88%d0%b8-%d0%bf%d0%b0%d1%80%d1%82%d0%bd%d0%b5%d1%80%d1%8b\\\/\"]}]},{\"@type\":\"BreadcrumbList\",\"@id\":\"https:\\\/\\\/poryatunok.info\\\/ru\\\/%d0%be-%d0%bd%d0%b0%d1%81\\\/%d0%bd%d0%b0%d1%88%d0%b8-%d0%bf%d0%b0%d1%80%d1%82%d0%bd%d0%b5%d1%80%d1%8b\\\/#breadcrumb\",\"itemListElement\":[{\"@type\":\"ListItem\",\"position\":1,\"name\":\"Home\",\"item\":\"https:\\\/\\\/poryatunok.info\\\/ru\\\/\"},{\"@type\":\"ListItem\",\"position\":2,\"name\":\"\u041e \u043d\u0430\u0441\",\"item\":\"https:\\\/\\\/poryatunok.info\\\/ru\\\/%d0%be-%d0%bd%d0%b0%d1%81\\\/\"},{\"@type\":\"ListItem\",\"position\":3,\"name\":\"\u041d\u0430\u0448\u0438 \u043f\u0430\u0440\u0442\u043d\u0435\u0440\u044b\"}]},{\"@type\":\"WebSite\",\"@id\":\"https:\\\/\\\/poryatunok.info\\\/ru\\\/#website\",\"url\":\"https:\\\/\\\/poryatunok.info\\\/ru\\\/\",\"name\":\"Sister Dalila\",\"description\":\"\",\"potentialAction\":[{\"@type\":\"SearchAction\",\"target\":{\"@type\":\"EntryPoint\",\"urlTemplate\":\"https:\\\/\\\/poryatunok.info\\\/ru\\\/?s={search_term_string}\"},\"query-input\":{\"@type\":\"PropertyValueSpecification\",\"valueRequired\":true,\"valueName\":\"search_term_string\"}}],\"inLanguage\":\"ru-RU\"}]}<\/script>\n<!-- \/ Yoast SEO plugin. -->","yoast_head_json":{"title":"\u041d\u0430\u0448\u0438 \u043f\u0430\u0440\u0442\u043d\u0435\u0440\u044b - Sister Dalila","description":"\u0412\u0441\u0435\u0445, \u0443 \u043a\u043e\u0433\u043e \u0435\u0441\u0442\u044c \u0432\u043e\u0437\u043c\u043e\u0436\u043d\u043e\u0441\u0442\u044c \u0438 \u0436\u0435\u043b\u0430\u043d\u0438\u0435 \u043f\u043e\u043c\u043e\u0447\u044c, \u043f\u0440\u043e\u0441\u044c\u0431\u0430 \u043e\u0431\u0440\u0430\u0449\u0430\u0442\u044c\u0441\u044f \u043a \u043d\u0430\u043c. \u041a\u0430\u0436\u0434\u043e\u0435 \u0432\u0430\u0448\u0435 \u043f\u043e\u0436\u0435\u0440\u0442\u0432\u043e\u0432\u0430\u043d\u0438\u0435, \u043b\u044e\u0431\u0430\u044f \u0432\u0430\u0448\u0430 \u043f\u043e\u043c\u043e\u0449\u044c \u0438\u043b\u0438 \u0438\u043d\u043d\u0430\u044f \u043f\u043e\u0434\u0434\u0435\u0440\u0436\u043a\u0430 \u043c\u043e\u0433\u0443\u0442 \u0441\u043f\u0430\u0441\u0442\u0438 \u0435\u0449\u0435 \u043e\u0434\u043d\u043e\u0433\u043e \u043f\u0430\u0446\u0438\u0435\u043d\u0442\u0430.","robots":{"index":"index","follow":"follow","max-snippet":"max-snippet:-1","max-image-preview":"max-image-preview:large","max-video-preview":"max-video-preview:-1"},"canonical":"https:\/\/poryatunok.info\/ru\/%d0%be-%d0%bd%d0%b0%d1%81\/%d0%bd%d0%b0%d1%88%d0%b8-%d0%bf%d0%b0%d1%80%d1%82%d0%bd%d0%b5%d1%80%d1%8b\/","og_locale":"ru_RU","og_type":"article","og_title":"\u041d\u0430\u0448\u0438 \u043f\u0430\u0440\u0442\u043d\u0435\u0440\u044b - Sister Dalila","og_description":"\u0412\u0441\u0435\u0445, \u0443 \u043a\u043e\u0433\u043e \u0435\u0441\u0442\u044c \u0432\u043e\u0437\u043c\u043e\u0436\u043d\u043e\u0441\u0442\u044c \u0438 \u0436\u0435\u043b\u0430\u043d\u0438\u0435 \u043f\u043e\u043c\u043e\u0447\u044c, \u043f\u0440\u043e\u0441\u044c\u0431\u0430 \u043e\u0431\u0440\u0430\u0449\u0430\u0442\u044c\u0441\u044f \u043a \u043d\u0430\u043c. \u041a\u0430\u0436\u0434\u043e\u0435 \u0432\u0430\u0448\u0435 \u043f\u043e\u0436\u0435\u0440\u0442\u0432\u043e\u0432\u0430\u043d\u0438\u0435, \u043b\u044e\u0431\u0430\u044f \u0432\u0430\u0448\u0430 \u043f\u043e\u043c\u043e\u0449\u044c \u0438\u043b\u0438 \u0438\u043d\u043d\u0430\u044f \u043f\u043e\u0434\u0434\u0435\u0440\u0436\u043a\u0430 \u043c\u043e\u0433\u0443\u0442 \u0441\u043f\u0430\u0441\u0442\u0438 \u0435\u0449\u0435 \u043e\u0434\u043d\u043e\u0433\u043e \u043f\u0430\u0446\u0438\u0435\u043d\u0442\u0430.","og_url":"https:\/\/poryatunok.info\/ru\/%d0%be-%d0%bd%d0%b0%d1%81\/%d0%bd%d0%b0%d1%88%d0%b8-%d0%bf%d0%b0%d1%80%d1%82%d0%bd%d0%b5%d1%80%d1%8b\/","og_site_name":"Sister Dalila","article_modified_time":"2022-10-17T12:16:03+00:00","twitter_card":"summary_large_image","twitter_misc":{"\u041f\u0440\u0438\u043c\u0435\u0440\u043d\u043e\u0435 \u0432\u0440\u0435\u043c\u044f \u0434\u043b\u044f \u0447\u0442\u0435\u043d\u0438\u044f":"1 \u043c\u0438\u043d\u0443\u0442\u0430"},"schema":{"@context":"https:\/\/schema.org","@graph":[{"@type":"WebPage","@id":"https:\/\/poryatunok.info\/ru\/%d0%be-%d0%bd%d0%b0%d1%81\/%d0%bd%d0%b0%d1%88%d0%b8-%d0%bf%d0%b0%d1%80%d1%82%d0%bd%d0%b5%d1%80%d1%8b\/","url":"https:\/\/poryatunok.info\/ru\/%d0%be-%d0%bd%d0%b0%d1%81\/%d0%bd%d0%b0%d1%88%d0%b8-%d0%bf%d0%b0%d1%80%d1%82%d0%bd%d0%b5%d1%80%d1%8b\/","name":"\u041d\u0430\u0448\u0438 \u043f\u0430\u0440\u0442\u043d\u0435\u0440\u044b - Sister Dalila","isPartOf":{"@id":"https:\/\/poryatunok.info\/ru\/#website"},"datePublished":"2022-01-19T20:19:55+00:00","dateModified":"2022-10-17T12:16:03+00:00","description":"\u0412\u0441\u0435\u0445, \u0443 \u043a\u043e\u0433\u043e \u0435\u0441\u0442\u044c \u0432\u043e\u0437\u043c\u043e\u0436\u043d\u043e\u0441\u0442\u044c \u0438 \u0436\u0435\u043b\u0430\u043d\u0438\u0435 \u043f\u043e\u043c\u043e\u0447\u044c, \u043f\u0440\u043e\u0441\u044c\u0431\u0430 \u043e\u0431\u0440\u0430\u0449\u0430\u0442\u044c\u0441\u044f \u043a \u043d\u0430\u043c. \u041a\u0430\u0436\u0434\u043e\u0435 \u0432\u0430\u0448\u0435 \u043f\u043e\u0436\u0435\u0440\u0442\u0432\u043e\u0432\u0430\u043d\u0438\u0435, \u043b\u044e\u0431\u0430\u044f \u0432\u0430\u0448\u0430 \u043f\u043e\u043c\u043e\u0449\u044c \u0438\u043b\u0438 \u0438\u043d\u043d\u0430\u044f \u043f\u043e\u0434\u0434\u0435\u0440\u0436\u043a\u0430 \u043c\u043e\u0433\u0443\u0442 \u0441\u043f\u0430\u0441\u0442\u0438 \u0435\u0449\u0435 \u043e\u0434\u043d\u043e\u0433\u043e \u043f\u0430\u0446\u0438\u0435\u043d\u0442\u0430.","breadcrumb":{"@id":"https:\/\/poryatunok.info\/ru\/%d0%be-%d0%bd%d0%b0%d1%81\/%d0%bd%d0%b0%d1%88%d0%b8-%d0%bf%d0%b0%d1%80%d1%82%d0%bd%d0%b5%d1%80%d1%8b\/#breadcrumb"},"inLanguage":"ru-RU","potentialAction":[{"@type":"ReadAction","target":["https:\/\/poryatunok.info\/ru\/%d0%be-%d0%bd%d0%b0%d1%81\/%d0%bd%d0%b0%d1%88%d0%b8-%d0%bf%d0%b0%d1%80%d1%82%d0%bd%d0%b5%d1%80%d1%8b\/"]}]},{"@type":"BreadcrumbList","@id":"https:\/\/poryatunok.info\/ru\/%d0%be-%d0%bd%d0%b0%d1%81\/%d0%bd%d0%b0%d1%88%d0%b8-%d0%bf%d0%b0%d1%80%d1%82%d0%bd%d0%b5%d1%80%d1%8b\/#breadcrumb","itemListElement":[{"@type":"ListItem","position":1,"name":"Home","item":"https:\/\/poryatunok.info\/ru\/"},{"@type":"ListItem","position":2,"name":"\u041e \u043d\u0430\u0441","item":"https:\/\/poryatunok.info\/ru\/%d0%be-%d0%bd%d0%b0%d1%81\/"},{"@type":"ListItem","position":3,"name":"\u041d\u0430\u0448\u0438 \u043f\u0430\u0440\u0442\u043d\u0435\u0440\u044b"}]},{"@type":"WebSite","@id":"https:\/\/poryatunok.info\/ru\/#website","url":"https:\/\/poryatunok.info\/ru\/","name":"Sister Dalila","description":"","potentialAction":[{"@type":"SearchAction","target":{"@type":"EntryPoint","urlTemplate":"https:\/\/poryatunok.info\/ru\/?s={search_term_string}"},"query-input":{"@type":"PropertyValueSpecification","valueRequired":true,"valueName":"search_term_string"}}],"inLanguage":"ru-RU"}]}},"_links":{"self":[{"href":"https:\/\/poryatunok.info\/ru\/wp-json\/wp\/v2\/pages\/2678","targetHints":{"allow":["GET"]}}],"collection":[{"href":"https:\/\/poryatunok.info\/ru\/wp-json\/wp\/v2\/pages"}],"about":[{"href":"https:\/\/poryatunok.info\/ru\/wp-json\/wp\/v2\/types\/page"}],"author":[{"embeddable":true,"href":"https:\/\/poryatunok.info\/ru\/wp-json\/wp\/v2\/users\/1"}],"replies":[{"embeddable":true,"href":"https:\/\/poryatunok.info\/ru\/wp-json\/wp\/v2\/comments?post=2678"}],"version-history":[{"count":4,"href":"https:\/\/poryatunok.info\/ru\/wp-json\/wp\/v2\/pages\/2678\/revisions"}],"predecessor-version":[{"id":5838,"href":"https:\/\/poryatunok.info\/ru\/wp-json\/wp\/v2\/pages\/2678\/revisions\/5838"}],"up":[{"embeddable":true,"href":"https:\/\/poryatunok.info\/ru\/wp-json\/wp\/v2\/pages\/2602"}],"wp:attachment":[{"href":"https:\/\/poryatunok.info\/ru\/wp-json\/wp\/v2\/media?parent=2678"}],"curies":[{"name":"wp","href":"https:\/\/api.w.org\/{rel}","templated":true}]}}