{"id":2677,"date":"2022-01-19T21:19:55","date_gmt":"2022-01-19T20:19:55","guid":{"rendered":"https:\/\/poryatunok.info\/about-us\/%d0%bd%d0%b0%d1%88%d1%96-%d0%bf%d0%b0%d1%80%d1%82%d0%bd%d0%b5%d1%80%d0%b8\/"},"modified":"2022-10-17T14:15:15","modified_gmt":"2022-10-17T12:15:15","slug":"our-partners","status":"publish","type":"page","link":"https:\/\/poryatunok.info\/en\/about-us\/our-partners\/","title":{"rendered":"Our partners"},"content":{"rendered":"<div class=\"wpb-content-wrapper\"><p>[vc_row row_space=&#8221;remove_padding&#8221;][vc_column][gva_block_heading title=&#8221;Our partners&#8221; align=&#8221;align-left&#8221;][\/gva_block_heading][vc_column_text]<\/p>\n<p style=\"text-align: justify;\">Everyone who has the possibility and the desire to help, please, contact us.<br \/>\nEach of your donation, your every help or other assistance can save one more patient.<!--more--><\/p>\n<p>[\/vc_column_text][vc_row_inner][vc_column_inner width=&#8221;1\/2&#8243;][gva_job_box title=&#8221;L&#8217;viv Regional Hospital&#8221; job_type=&#8221;Mykola KONYK, MD Chief of the Pediatric Cardiac Surgery Dpt.&#8221; link=&#8221;http:\/\/hospital.lviv.ua\/&#8221; company=&#8221;+38 032 276 93 87 mob. +380673987816&#8243; address=&#8221;Chernihivska vul. 7, L&#8217;viv 79010, UKRAINE&#8221; image=&#8221;5042&#8243;][gva_job_box title=&#8221;Ukrainian Philanthropic Marketplace (UBB)&#8221; image=&#8221;3310&#8243; job_type=&#8221;Ukraine&#8221; link=&#8221;dobro.ua\/en\/&#8221; company=&#8221;corporate@ubb.org.ua&#8221; address=&#8221;Volodymyrska Street, 43, Kyiv, 01034&#8243;][gva_job_box title=&#8221;PHA Europe&#8221; job_type=&#8221;Austria&#8221; company=&#8221;info@phaeurope.org&#8221; address=&#8221;Wilhelmstra\u00dfe 21. A-1120 Vienna, Austria&#8221; image=&#8221;3317&#8243; link=&#8221;www.phaeurope.org&#8221;][gva_job_box title=&#8221;Pulmonary Hypertension Association&#8221; job_type=&#8221;United States&#8221; link=&#8221;phassociation.org&#8221; company=&#8221;PHA@PHAssociation.org&#8221; address=&#8221;8401 Colesville Road, Suite 200, Silver Spring, MD 20910&#8243; image=&#8221;3331&#8243;][gva_job_box title=&#8221;PHA Lithuania&#8221; job_type=&#8221;Lithuania&#8221; link=&#8221;https:\/\/www.zspha.lt\/&#8221; company=&#8221;info@zspha.lt&#8221; address=&#8221;Bir\u017e\u0173 g. 2, Papilys, LT-41221 Bir\u017e\u0173 r.&#8221; image=&#8221;5048&#8243;][gva_job_box title=&#8221;Pfizer Ukraine&#8221; job_type=&#8221;Ukraine&#8221; address=&#8221;Mykoly Amosova St, 12, Kyiv,&#8221; image=&#8221;140&#8243; link=&#8221;http:\/\/www.pfizer.ua\/&#8221;][gva_job_box title=&#8221;Associazione Volontari Italiani Sandue&#8221; job_type=&#8221;Milano&#8221; address=&#8221;Via E. Forlanini, 23, Milano (20134)&#8221; image=&#8221;3967&#8243; link=&#8221;https:\/\/www.avis.it\/it&#8221; company=&#8221;T. 02\/70.00.67.95 T. 02\/70.00.67.86&#8243;][gva_job_box title=&#8221;PHA Norway&#8221; job_type=&#8221;Norway&#8221; image=&#8221;3996&#8243; link=&#8221;http:\/\/www.pha-no.com&#8221;][gva_job_box title=&#8221;OMRON \u0423\u043a\u0440\u0430\u0457\u043d\u0430&#8221; job_type=&#8221;\u0423\u043a\u0440\u0430\u0457\u043d\u0430&#8221; image=&#8221;3971&#8243; link=&#8221;https:\/\/omron-ukraine.com.ua\/uk\/&#8221; company=&#8221;+38 (096) 744-95-52&#8243; address=&#8221;\u043c. \u041a\u0438\u0457\u0432, \u0432\u0443\u043b. \u042e\u0440\u0456\u044f \u0428\u0443\u043c\u0441\u044c\u043a\u043e\u0433\u043e 1-\u0431,\u043e\u0444.121&#8243;][gva_job_box title=&#8221;\u041f\u0435\u0440\u0448\u0438\u0439 \u0437\u0430\u0445\u0456\u0434\u043d\u0438\u0439&#8221; job_type=&#8221;\u0423\u043a\u0440\u0430\u0457\u043d\u0430&#8221; image=&#8221;5833&#8243; link=&#8221;https:\/\/1zahid.com\/&#8221; company=&#8221;(032) 232-93-22&#8243; address=&#8221;79008 \u043c. \u041b\u044c\u0432\u0456\u0432, \u0432\u0443\u043b. \u041f\u0456\u0434\u0432\u0430\u043b\u044c\u043d\u0430, 3;&#8221;][\/vc_column_inner][vc_column_inner width=&#8221;1\/2&#8243;][gva_job_box title=&#8221;Ukraine International AirLines (UIA)&#8221; job_type=&#8221;KYIV &#8211; UIA Head Office&#8221; address=&#8221;201-203, Kharkivske Road. Nearest tube: Boryspilska&#8221; image=&#8221;3306&#8243; link=&#8221;www.flyuia.com\/ua\/en\/home&#8221; company=&#8221;+380 44 581 51 61&#8243;][gva_job_box title=&#8221;Ukrainian Philanthropists Forum (UPF)&#8221; job_type=&#8221;Ukraine&#8221; company=&#8221;info@ufb.org.ua&#8221; image=&#8221;3313&#8243; link=&#8221;www.ufb.org.ua\/&#8221;][gva_job_box title=&#8221;EURORDIS-Rare Diseases Europe&#8221; job_type=&#8221;France&#8221; company=&#8221;eurordis@eurordis.org&#8221; address=&#8221;96, rue Didot, 75014 Paris, France&#8221; image=&#8221;3320&#8243; link=&#8221;www.eurordis.org&#8221;][gva_job_box title=&#8221;PHA Canada&#8221; job_type=&#8221;Canada&#8221; company=&#8221;info@phacanada.ca&#8221; address=&#8221;408- 55 Water Street Office 8928 Vancouver, BC, V6B 1A1&#8243; image=&#8221;3385&#8243; link=&#8221;https:\/\/phacanada.ca\/Home&#8221;][gva_job_box title=&#8221;Fundacja im. ks. dr Mosinga (Poland)&#8221; job_type=&#8221;Poland&#8221; company=&#8221;galicja.mosing@wp.pl&#8221; image=&#8221;3989&#8243; link=&#8221;https:\/\/fundacjamosinga.zgora.eu\/&#8221;][gva_job_box title=&#8221;\u0414\u0438\u0442\u044f\u0447\u0438\u0439 \u0446\u0435\u043d\u0442\u0440 \u0437\u0434\u043e\u0440\u043e\u0432&#8217;\u044f \u0456\u043c. \u0410\u043d\u043d\u0438 \u041c\u0430\u0437\u0443\u0440\u0435\u043d\u043a\u043e&#8221; job_type=&#8221;Ukraine&#8221; address=&#8221;\u041b\u044c\u0432\u0456\u0432, \u0432\u0443\u043b. \u0421\u0442\u0443\u0441\u0430, 38\u0410&#8221; image=&#8221;5814&#8243; link=&#8221;http:\/\/childrenhealth.center\/&#8221; company=&#8221;(032) 242-31-42 (067) 235-80-42 (050) 341-24-42&#8243;][gva_job_box title=&#8221;\u041f\u0430\u0446\u0456\u0454\u043d\u0442\u0438 \u0423\u043a\u0440\u0430\u0457\u043d\u0438&#8221; job_type=&#8221;Ukraine&#8221; address=&#8221;01010, \u041a\u0438\u0457\u0432, \u0432\u0443\u043b\u0438\u0446\u044f \u0406\u0432\u0430\u043d\u0430 \u041c\u0430\u0437\u0435\u043f\u0438 3, \u043a\u0432. 7&#8243; image=&#8221;5818&#8243; link=&#8221;https:\/\/patients.org.ua\/en\/&#8221; company=&#8221;+38 (096) 2-888-003 +38 (095) 2-888-005&#8243;][gva_job_box title=&#8221;Lviv Regional Youth Center&#8221; job_type=&#8221;Ukraine&#8221; address=&#8221;\u041b\u044c\u0432\u0456\u0432, \u0432\u0443\u043b. \u0412\u0438\u043d\u043d\u0438\u0447\u0435\u043d\u043a\u0430, 12, Lviv, Ukraine, 79008&#8243; image=&#8221;5824&#8243; link=&#8221;https:\/\/www.facebook.com\/lviv.youth.center\/&#8221; company=&#8221;380 322 612 275&#8243;][gva_job_box title=&#8221;\u041f\u043b\u0430\u043d\u0435\u0442\u0430 \u043c\u0440\u0456\u0439&#8221; job_type=&#8221;Ukraine&#8221; address=&#8221;\u041f\u043b\u0430\u043d\u0435\u0442\u0430 \u041c\u0440\u0456\u0439  \u043c. \u041b\u044c\u0432\u0456\u0432 \u0432\u0443\u043b. \u0413\u0430\u0437\u043e\u0432\u0430, 30 \u0410&#8221; image=&#8221;5829&#8243; link=&#8221;https:\/\/www.planetamrij.com\/&#8221; company=&#8221;0671853399, 0671843399&#8243;][\/vc_column_inner][\/vc_row_inner][\/vc_column][\/vc_row]<\/p>\n<\/div>","protected":false},"excerpt":{"rendered":"<p>[vc_row row_space=&#8221;remove_padding&#8221;][vc_column][gva_block_heading title=&#8221;Our partners&#8221; align=&#8221;align-left&#8221;][\/gva_block_heading][vc_column_text] Everyone who has the possibility and the desire to help, please, contact us. Each of your donation, your every help or other assistance can save one more patient.<\/p>\n","protected":false},"author":1,"featured_media":0,"parent":2601,"menu_order":160,"comment_status":"closed","ping_status":"closed","template":"","meta":{"footnotes":""},"class_list":["post-2677","page","type-page","status-publish","hentry"],"yoast_head":"<!-- This site is optimized with the Yoast SEO plugin v27.5 - https:\/\/yoast.com\/product\/yoast-seo-wordpress\/ -->\n<title>Our partners - Sister Dalila<\/title>\n<meta name=\"description\" content=\"Everyone who has the possibility and the desire to help, please, contact us. Each of your donation, your every help or other assistance can save one more patient.\" \/>\n<meta name=\"robots\" content=\"index, follow, max-snippet:-1, max-image-preview:large, max-video-preview:-1\" \/>\n<link rel=\"canonical\" href=\"https:\/\/poryatunok.info\/en\/about-us\/our-partners\/\" \/>\n<meta property=\"og:locale\" content=\"en_US\" \/>\n<meta property=\"og:type\" content=\"article\" \/>\n<meta property=\"og:title\" content=\"Our partners - Sister Dalila\" \/>\n<meta property=\"og:description\" content=\"Everyone who has the possibility and the desire to help, please, contact us. Each of your donation, your every help or other assistance can save one more patient.\" \/>\n<meta property=\"og:url\" content=\"https:\/\/poryatunok.info\/en\/about-us\/our-partners\/\" \/>\n<meta property=\"og:site_name\" content=\"Sister Dalila\" \/>\n<meta property=\"article:modified_time\" content=\"2022-10-17T12:15:15+00:00\" \/>\n<meta name=\"twitter:card\" content=\"summary_large_image\" \/>\n<meta name=\"twitter:label1\" content=\"Est. reading time\" \/>\n\t<meta name=\"twitter:data1\" content=\"2 minutes\" \/>\n<script type=\"application\/ld+json\" class=\"yoast-schema-graph\">{\"@context\":\"https:\\\/\\\/schema.org\",\"@graph\":[{\"@type\":\"WebPage\",\"@id\":\"https:\\\/\\\/poryatunok.info\\\/en\\\/about-us\\\/our-partners\\\/\",\"url\":\"https:\\\/\\\/poryatunok.info\\\/en\\\/about-us\\\/our-partners\\\/\",\"name\":\"Our partners - Sister Dalila\",\"isPartOf\":{\"@id\":\"https:\\\/\\\/poryatunok.info\\\/en\\\/#website\"},\"datePublished\":\"2022-01-19T20:19:55+00:00\",\"dateModified\":\"2022-10-17T12:15:15+00:00\",\"description\":\"Everyone who has the possibility and the desire to help, please, contact us. Each of your donation, your every help or other assistance can save one more patient.\",\"breadcrumb\":{\"@id\":\"https:\\\/\\\/poryatunok.info\\\/en\\\/about-us\\\/our-partners\\\/#breadcrumb\"},\"inLanguage\":\"en-US\",\"potentialAction\":[{\"@type\":\"ReadAction\",\"target\":[\"https:\\\/\\\/poryatunok.info\\\/en\\\/about-us\\\/our-partners\\\/\"]}]},{\"@type\":\"BreadcrumbList\",\"@id\":\"https:\\\/\\\/poryatunok.info\\\/en\\\/about-us\\\/our-partners\\\/#breadcrumb\",\"itemListElement\":[{\"@type\":\"ListItem\",\"position\":1,\"name\":\"Home\",\"item\":\"https:\\\/\\\/poryatunok.info\\\/en\\\/\"},{\"@type\":\"ListItem\",\"position\":2,\"name\":\"About us\",\"item\":\"https:\\\/\\\/poryatunok.info\\\/en\\\/about-us\\\/\"},{\"@type\":\"ListItem\",\"position\":3,\"name\":\"Our partners\"}]},{\"@type\":\"WebSite\",\"@id\":\"https:\\\/\\\/poryatunok.info\\\/en\\\/#website\",\"url\":\"https:\\\/\\\/poryatunok.info\\\/en\\\/\",\"name\":\"Sister Dalila\",\"description\":\"Just another WordPress site\",\"potentialAction\":[{\"@type\":\"SearchAction\",\"target\":{\"@type\":\"EntryPoint\",\"urlTemplate\":\"https:\\\/\\\/poryatunok.info\\\/en\\\/?s={search_term_string}\"},\"query-input\":{\"@type\":\"PropertyValueSpecification\",\"valueRequired\":true,\"valueName\":\"search_term_string\"}}],\"inLanguage\":\"en-US\"}]}<\/script>\n<!-- \/ Yoast SEO plugin. -->","yoast_head_json":{"title":"Our partners - Sister Dalila","description":"Everyone who has the possibility and the desire to help, please, contact us. Each of your donation, your every help or other assistance can save one more patient.","robots":{"index":"index","follow":"follow","max-snippet":"max-snippet:-1","max-image-preview":"max-image-preview:large","max-video-preview":"max-video-preview:-1"},"canonical":"https:\/\/poryatunok.info\/en\/about-us\/our-partners\/","og_locale":"en_US","og_type":"article","og_title":"Our partners - Sister Dalila","og_description":"Everyone who has the possibility and the desire to help, please, contact us. Each of your donation, your every help or other assistance can save one more patient.","og_url":"https:\/\/poryatunok.info\/en\/about-us\/our-partners\/","og_site_name":"Sister Dalila","article_modified_time":"2022-10-17T12:15:15+00:00","twitter_card":"summary_large_image","twitter_misc":{"Est. reading time":"2 minutes"},"schema":{"@context":"https:\/\/schema.org","@graph":[{"@type":"WebPage","@id":"https:\/\/poryatunok.info\/en\/about-us\/our-partners\/","url":"https:\/\/poryatunok.info\/en\/about-us\/our-partners\/","name":"Our partners - Sister Dalila","isPartOf":{"@id":"https:\/\/poryatunok.info\/en\/#website"},"datePublished":"2022-01-19T20:19:55+00:00","dateModified":"2022-10-17T12:15:15+00:00","description":"Everyone who has the possibility and the desire to help, please, contact us. Each of your donation, your every help or other assistance can save one more patient.","breadcrumb":{"@id":"https:\/\/poryatunok.info\/en\/about-us\/our-partners\/#breadcrumb"},"inLanguage":"en-US","potentialAction":[{"@type":"ReadAction","target":["https:\/\/poryatunok.info\/en\/about-us\/our-partners\/"]}]},{"@type":"BreadcrumbList","@id":"https:\/\/poryatunok.info\/en\/about-us\/our-partners\/#breadcrumb","itemListElement":[{"@type":"ListItem","position":1,"name":"Home","item":"https:\/\/poryatunok.info\/en\/"},{"@type":"ListItem","position":2,"name":"About us","item":"https:\/\/poryatunok.info\/en\/about-us\/"},{"@type":"ListItem","position":3,"name":"Our partners"}]},{"@type":"WebSite","@id":"https:\/\/poryatunok.info\/en\/#website","url":"https:\/\/poryatunok.info\/en\/","name":"Sister Dalila","description":"Just another WordPress site","potentialAction":[{"@type":"SearchAction","target":{"@type":"EntryPoint","urlTemplate":"https:\/\/poryatunok.info\/en\/?s={search_term_string}"},"query-input":{"@type":"PropertyValueSpecification","valueRequired":true,"valueName":"search_term_string"}}],"inLanguage":"en-US"}]}},"_links":{"self":[{"href":"https:\/\/poryatunok.info\/en\/wp-json\/wp\/v2\/pages\/2677","targetHints":{"allow":["GET"]}}],"collection":[{"href":"https:\/\/poryatunok.info\/en\/wp-json\/wp\/v2\/pages"}],"about":[{"href":"https:\/\/poryatunok.info\/en\/wp-json\/wp\/v2\/types\/page"}],"author":[{"embeddable":true,"href":"https:\/\/poryatunok.info\/en\/wp-json\/wp\/v2\/users\/1"}],"replies":[{"embeddable":true,"href":"https:\/\/poryatunok.info\/en\/wp-json\/wp\/v2\/comments?post=2677"}],"version-history":[{"count":15,"href":"https:\/\/poryatunok.info\/en\/wp-json\/wp\/v2\/pages\/2677\/revisions"}],"predecessor-version":[{"id":5837,"href":"https:\/\/poryatunok.info\/en\/wp-json\/wp\/v2\/pages\/2677\/revisions\/5837"}],"up":[{"embeddable":true,"href":"https:\/\/poryatunok.info\/en\/wp-json\/wp\/v2\/pages\/2601"}],"wp:attachment":[{"href":"https:\/\/poryatunok.info\/en\/wp-json\/wp\/v2\/media?parent=2677"}],"curies":[{"name":"wp","href":"https:\/\/api.w.org\/{rel}","templated":true}]}}